{"id":22,"date":"2020-06-15T18:37:33","date_gmt":"2020-06-15T18:37:33","guid":{"rendered":"https:\/\/www.azaharbenijofar.com\/?page_id=22"},"modified":"2023-10-23T22:08:09","modified_gmt":"2023-10-23T20:08:09","slug":"pagina-principal","status":"publish","type":"page","link":"https:\/\/www.azaharbenijofar.com\/","title":{"rendered":"Pagina Principal"},"content":{"rendered":"\n<p class=\"has-text-align-center\">Bienvenidos a nuestra casa, Azahar lleva abierto mas de 20 a\u00f1os, dando siempre el mejor servicio a nuestros clientes y atendiendo totalmente sus necesidades. Tenemos a un equipo que trabaja con mucha pasi\u00f3n y alegr\u00eda todos los d\u00edas, para traer a nuestros clientes lo mejor, en calidad.<\/p>\n\n\n\n<figure class=\"wp-block-image aligncenter size-full\"><img fetchpriority=\"high\" decoding=\"async\" width=\"765\" height=\"1020\" src=\"https:\/\/www.azaharbenijofar.com\/wp-content\/uploads\/2023\/10\/IMG_8388-1.jpg\" alt=\"\" class=\"wp-image-677\" srcset=\"https:\/\/www.azaharbenijofar.com\/wp-content\/uploads\/2023\/10\/IMG_8388-1.jpg 765w, https:\/\/www.azaharbenijofar.com\/wp-content\/uploads\/2023\/10\/IMG_8388-1-225x300.jpg 225w, https:\/\/www.azaharbenijofar.com\/wp-content\/uploads\/2023\/10\/IMG_8388-1-600x800.jpg 600w\" sizes=\"(max-width: 765px) 100vw, 765px\" \/><\/figure>\n\n\n\n<p><\/p>\n\n\n\n<p><\/p>\n\n\n\n<p class=\"has-text-align-center\">Te animamos a que te des una vuelta por nuestro sitio web, y puedas elegir una opci\u00f3n dentro de nuestro catalogo, ya sea Bouquets, Plantas, o lo que te apetezca&#8230; o si por el contrario lo prefieres, puedes venir a nuestra tienda f\u00edsica ubicada en BENIJOFAR, que estaremos encantados de recibirte y asesorarte de la mejor manera posible, para finalmente encontrar siempre la mejor opci\u00f3n. <\/p>\n\n\n\n<p class=\"has-text-align-center\">Tenemos un amplio cat\u00e1logo de productos, decoraci\u00f3n de interior y exterior de la mas alta calidad, flores y plantas, muy bien cuidadas gracias a nuestras 2 c\u00e1maras de conservaci\u00f3n. An\u00edmate y ven, lo disfrutaras! <\/p>\n\n\n\n<p><\/p>\n\n\n\n<p><\/p>\n\n\n\n<figure class=\"wp-block-image aligncenter size-large\"><img decoding=\"async\" width=\"1024\" height=\"995\" src=\"https:\/\/www.azaharbenijofar.com\/wp-content\/uploads\/2023\/10\/bodahija-rosita-1-1024x995.jpg\" alt=\"\" class=\"wp-image-678\" srcset=\"https:\/\/www.azaharbenijofar.com\/wp-content\/uploads\/2023\/10\/bodahija-rosita-1-1024x995.jpg 1024w, https:\/\/www.azaharbenijofar.com\/wp-content\/uploads\/2023\/10\/bodahija-rosita-1-300x291.jpg 300w, https:\/\/www.azaharbenijofar.com\/wp-content\/uploads\/2023\/10\/bodahija-rosita-1-768x746.jpg 768w, https:\/\/www.azaharbenijofar.com\/wp-content\/uploads\/2023\/10\/bodahija-rosita-1-600x583.jpg 600w, https:\/\/www.azaharbenijofar.com\/wp-content\/uploads\/2023\/10\/bodahija-rosita-1.jpg 1050w\" sizes=\"(max-width: 1024px) 100vw, 1024px\" \/><\/figure>\n","protected":false},"excerpt":{"rendered":"<p>Bienvenidos a nuestra casa, Azahar lleva abierto mas de 20 a\u00f1os, dando siempre el mejor servicio a nuestros clientes y atendiendo totalmente sus necesidades. Tenemos a un equipo que trabaja con mucha pasi\u00f3n y alegr\u00eda todos los d\u00edas, para traer a nuestros clientes lo mejor, en calidad. Te animamos a que te des una vuelta &hellip; <\/p>\n<p class=\"link-more\"><a href=\"https:\/\/www.azaharbenijofar.com\/\" class=\"more-link\">Leer m\u00e1s<span class=\"screen-reader-text\"> \u00abPagina Principal\u00bb<\/span><\/a><\/p>\n","protected":false},"author":1,"featured_media":0,"parent":0,"menu_order":0,"comment_status":"closed","ping_status":"closed","template":"","meta":{"footnotes":""},"_links":{"self":[{"href":"https:\/\/www.azaharbenijofar.com\/index.php\/wp-json\/wp\/v2\/pages\/22"}],"collection":[{"href":"https:\/\/www.azaharbenijofar.com\/index.php\/wp-json\/wp\/v2\/pages"}],"about":[{"href":"https:\/\/www.azaharbenijofar.com\/index.php\/wp-json\/wp\/v2\/types\/page"}],"author":[{"embeddable":true,"href":"https:\/\/www.azaharbenijofar.com\/index.php\/wp-json\/wp\/v2\/users\/1"}],"replies":[{"embeddable":true,"href":"https:\/\/www.azaharbenijofar.com\/index.php\/wp-json\/wp\/v2\/comments?post=22"}],"version-history":[{"count":9,"href":"https:\/\/www.azaharbenijofar.com\/index.php\/wp-json\/wp\/v2\/pages\/22\/revisions"}],"predecessor-version":[{"id":682,"href":"https:\/\/www.azaharbenijofar.com\/index.php\/wp-json\/wp\/v2\/pages\/22\/revisions\/682"}],"wp:attachment":[{"href":"https:\/\/www.azaharbenijofar.com\/index.php\/wp-json\/wp\/v2\/media?parent=22"}],"curies":[{"name":"wp","href":"https:\/\/api.w.org\/{rel}","templated":true}]}}