{"id":292,"date":"2020-06-23T18:47:52","date_gmt":"2020-06-23T16:47:52","guid":{"rendered":"https:\/\/www.azaharbenijofar.com\/?page_id=292"},"modified":"2024-02-11T17:33:43","modified_gmt":"2024-02-11T16:33:43","slug":"aviso-legal-y-politica-de-privacidad","status":"publish","type":"page","link":"https:\/\/www.azaharbenijofar.com\/index.php\/aviso-legal-y-politica-de-privacidad\/","title":{"rendered":"Aviso Legal y pol\u00edtica de privacidad"},"content":{"rendered":"\n<div class=\"wp-block-themeisle-blocks-advanced-columns has-1-columns has-desktop-equal-layout has-tablet-equal-layout has-mobile-equal-layout has-default-gap has-vertical-unset\" id=\"wp-block-themeisle-blocks-advanced-columns-7e44ee55\"><div class=\"wp-block-themeisle-blocks-advanced-columns-overlay\"><\/div><div class=\"innerblocks-wrap\">\n<div class=\"wp-block-themeisle-blocks-advanced-column\" id=\"wp-block-themeisle-blocks-advanced-column-3e497534\">\n<h3>DATOS DEL RESPONSABLE<\/h3>\n<ul><li><strong>Identidad del Responsable<\/strong>: Florister\u00eda Azahar Benij\u00f3far S.L.<\/li><li><strong>Nombre comercial<\/strong>: Azaharbenijofar<\/li><li><strong>NIF\/CIF<\/strong>: B65731978<\/li><li><strong>Datos registrales<\/strong>: inscrita en el Registro Mercantil de ALICANTE, Tomo 37222, Folio 217, Hoja M 664186, Secci\u00f3n 2, inscripci\u00f3n 1 y 2.<\/li><li><strong>Direcci\u00f3n<\/strong>: Av\/ Fed. Garc\u00eda Lorca, 64. Bbenij\u00f3far, ALICANTE<\/li><li><strong>Correo electr\u00f3nico<\/strong>: azaharbenijofar@gmail.com<\/li><\/ul>\n<p>En este espacio, el usuario, podr\u00e1 encontrar toda la informaci\u00f3n relativa a los t\u00e9rminos y condiciones legales que definen las relaciones entre los usuarios y AZAHARBENIJOFAR como responsable de esta web. Como usuario, es importante que conozcas estos t\u00e9rminos antes de continuar tu navegaci\u00f3n.<\/p>\n<p>AZAHARBENIJOFAR, como responsable de esta web, asume el compromiso de procesar la informaci\u00f3n de sus usuarios y clientes con plenas garant\u00edas y cumplir con los requisitos nacionales y europeos que regulan la recopilaci\u00f3n y uso de los datos personales de los usuarios.<\/p>\n<p>AZAHARBENIJOFAR ha adecuado esta web a las exigencias del Reglamento (UE) 2016\/679 del Parlamento Europeo y del Consejo de 27 de abril de 2016 relativo a la protecci\u00f3n de datos de las personas f\u00edsicas en lo que respecta al tratamiento de datos personales y a la libre circulaci\u00f3n de estos datos y por el que se deroga la Directiva 95\/46\/CE (RGPD), as\u00ed como con la Ley 34\/2002, de 11 de julio, de Servicios de la Sociedad de la Informaci\u00f3n y Comercio Electr\u00f3nico (LSSICE o LSSI).<\/p>\n<h2>CONDICIONES GENERALES DE USO<\/h2>\n<p>Las presentes Condiciones Generales regulan el uso (incluyendo el mero acceso) a las p\u00e1ginas de web, integrantes del sitio web de AZAHARBENIJOFAR incluidos los contenidos y servicios puestos a disposici\u00f3n en ellas. Toda persona que acceda a la web, https:\/\/www.azaharbenijofar.com como usuario, acepta someterse a las Condiciones Generales vigentes en cada momento del portal.<\/p>\n<p>El sitio web permite la creaci\u00f3n de forma gratuita de una cuenta cliente, con la que se podr\u00e1 comprar los productos que ofrecemos. Facilitando los datos que se solicitan en el formulario, siendo el nombre de usuario el correo electr\u00f3nico facilitado por el usuario y la contrase\u00f1a la que \u00e9l mismo elija, y previa lectura de los t\u00e9rminos de uso, pol\u00edtica de privacidad y condiciones de contrataci\u00f3n, mediante el marcado la casilla de lectura y aceptaci\u00f3n de tales t\u00e9rminos.<\/p>\n<p>El usuario tendr\u00e1 acceso a los siguientes servicios gratuitos de la web:<\/p>\n<ul><li>Visualizaci\u00f3n de nuestros productos y servicio al cliente personalizado.<\/li><li>Adaptaci\u00f3n de los bouquets, cestas, ramos funerarios&#8230; que se puedan visualizar en nuestra p\u00e1gina web.<\/li><li>Derecho a devoluci\u00f3n sin costes con un margen de retorno de 48 horas desde que se realiz\u00f3 la entrega del mismo a trav\u00e9s de nuestros mensajeros.<\/li><\/ul>\n<h3>DATOS PERSONALES QUE RECABAMOS Y C\u00d3MO LO HACEMOS<\/h3>\n<p>Toda la informaci\u00f3n relativa a los datos personales que recogemos a trav\u00e9s de nuestros sitios web y c\u00f3mo los gestionamos, est\u00e1 incluida en cl\u00e1usulas posteriores de este aviso legal, relativas a nuestra pol\u00edtica de privacidad.<\/p>\n<h3>COMPROMISOS Y OBLIGACIONES DE LOS USUARIOS<\/h3>\n<p>El usuario queda informado, y acepta, que el acceso a la presente web no supone, en modo alguno, el inicio de una relaci\u00f3n comercial con AZAHARBENIJOFAR. De esta forma, el usuario se compromete a utilizar el sitio web, sus servicios y contenidos sin contravenir la legislaci\u00f3n vigente, la buena fe y el orden p\u00fablico.<\/p>\n<p>Queda prohibido el uso de la web, con fines il\u00edcitos o lesivos, o que, de cualquier forma, puedan causar perjuicio o impedir el normal funcionamiento del sitio web. Respecto de los contenidos de esta web, se proh\u00edbe:<\/p>\n<ul><li>Su reproducci\u00f3n, distribuci\u00f3n o modificaci\u00f3n, total o parcial, a menos que se cuente con la autorizaci\u00f3n de AZAHARBENIJOFAR como leg\u00edtimo titular;<\/li><li>Cualquier vulneraci\u00f3n de los derechos del prestador o de AZAHARBENIJOFAR como leg\u00edtimo titular;<\/li><li>Su utilizaci\u00f3n para fines comerciales o publicitarios.<\/li><\/ul>\n<p>No obstante, el usuario debe ser consciente de que las medidas de seguridad de los sistemas inform\u00e1ticos en Internet no son enteramente fiables y que, por tanto AZAHARBENIJOFAR no puede garantizar la inexistencia de malware u otros elementos que puedan producir alteraciones en los sistemas inform\u00e1ticos (software y hardware) del usuario o en sus documentos electr\u00f3nicos y ficheros contenidos en los mismos aunque se ponen todos los medios necesarios y las medidas de seguridad oportunas para evitar la presencia de estos elementos da\u00f1inos.<\/p>\n<h3>MEDIDAS DE SEGURIDAD<\/h3>\n<p>Los datos personales comunicados por el usuario a AZAHARBENIJOFAR pueden ser almacenados en bases de datos automatizadas o no, cuya titularidad corresponde en exclusiva a FLORISTERIA AZAHAR BENIJOFAR S.L., asumiendo \u00e9sta todas las medidas de \u00edndole t\u00e9cnica, organizativa y de seguridad que garantizan la confidencialidad, integridad y calidad de la informaci\u00f3n contenida en las mismas de acuerdo con lo establecido en la normativa vigente en protecci\u00f3n de datos. La comunicaci\u00f3n entre los usuarios y AZAHARBENIJOFAR utiliza un canal seguro, y los datos transmitidos son cifrados gracias a protocolos a https, por tanto, se garantizan las mejores condiciones de seguridad para que la confidencialidad de los usuarios est\u00e9 asegurada.<\/p>\n<h3>DERECHOS DE PROPIEDAD INTELECTUAL E INDUSTRIAL<\/h3>\n<p>En virtud de lo dispuesto en los art\u00edculos 8 y 32.1, p\u00e1rrafo segundo, de la Ley de Propiedad Intelectual, quedan expresamente prohibidas la reproducci\u00f3n, la distribuci\u00f3n y la comunicaci\u00f3n p\u00fablica, incluida su modalidad de puesta a disposici\u00f3n, de la totalidad o parte de los contenidos de esta p\u00e1gina web, con fines comerciales, en cualquier soporte y por cualquier medio t\u00e9cnico, sin la autorizaci\u00f3n de AZAHARBENIJOFAR. El usuario se compromete a respetar los derechos de Propiedad Intelectual e Industrial titularidad de AZAHARBENIJOFAR.<\/p>\n<p>El usuario conoce y acepta que la totalidad de los sitios web, conteniendo sin car\u00e1cter exhaustivo el texto, software, contenidos (incluyendo estructura, selecci\u00f3n, ordenaci\u00f3n y presentaci\u00f3n de los mismos) podcast, fotograf\u00edas, material audiovisual y gr\u00e1ficos, est\u00e1 protegida por marcas, derechos de autor y otros derechos leg\u00edtimos, de acuerdo con los tratados internacionales en los que Espa\u00f1a es parte y otros derechos de propiedad y leyes de Espa\u00f1a.<\/p>\n<p>En el caso de que un usuario o un tercero consideren que se ha producido una violaci\u00f3n de sus leg\u00edtimos derechos de propiedad intelectual por la introducci\u00f3n de un determinado contenido en la web, deber\u00e1 notificar dicha circunstancia a AZAHARBENIJOFAR indicando:<\/p>\n<ul><li>Datos personales del interesado titular de los derechos presuntamente infringidos, o indicar la representaci\u00f3n con la que act\u00faa en caso de que la reclamaci\u00f3n la presente un tercero distinto del interesado.<\/li><li>Se\u00f1alar los contenidos protegidos por los derechos de propiedad intelectual y su ubicaci\u00f3n en la web.<\/li><\/ul>\n<h2>POL\u00cdTICA DE COMENTARIOS<\/h2>\n<p>En nuestras webs puede permitirse la realizaci\u00f3n de comentarios para enriquecer los contenidos y realizar consultas.<\/p>\n<p>No se admitir\u00e1n comentarios que no est\u00e9n relacionados con las tem\u00e1ticas de estas webs, que incluyan difamaciones, agravios, insultos, ataques personales o faltas de respeto en general hacia el autor o hacia otros miembros. Estos comentarios ser\u00e1n suprimidos por los administradores de la web.<\/p>\n<p>Tambi\u00e9n ser\u00e1n suprimidos los comentarios que contengan informaci\u00f3n que sea obviamente enga\u00f1osa o falsa, as\u00ed como los comentarios que contengan informaci\u00f3n personal, como, por ejemplo, domicilios privados o tel\u00e9fonos y que vulneren nuestra pol\u00edtica de protecci\u00f3n de datos.<\/p>\n<p>Se desestimar\u00e1, igualmente, aquellos comentarios creados s\u00f3lo con fines promocionales de una web, persona o colectivo y todo lo que pueda ser considerado spam en general.<\/p>\n<p>No se permiten comentarios an\u00f3nimos, as\u00ed como aquellos realizados por una misma persona con distintos apodos. No se considerar\u00e1n tampoco aquellos comentarios que intenten forzar un debate o una toma de postura por otro usuario.<\/p>\n<h3>LEY APLICABLE Y JURISDICCI\u00d3N<\/h3>\n<p>Con car\u00e1cter general las relaciones entre AZAHARBENIJOFAR con los usuarios de sus servicios telem\u00e1ticos, presentes en esta web se encuentran sometidas a la legislaci\u00f3n y jurisdicci\u00f3n espa\u00f1olas y a los tribunales de ALICANTE.<\/p>\n<h3>CONTACTO<\/h3>\n<p>En caso de que cualquier usuario tuviese alguna duda acerca de estas Condiciones legales o cualquier comentario sobre el portal https:\/\/www.azaharbenijofar.com, por favor dir\u00edjase a azaharbenijofar@gmail.com. Este aviso legal ha sido actualizado por \u00faltima vez el 10 de Mayo de 2020<\/p>\n<h3>POL\u00cdTICA DE PRIVACIDAD<\/h3>\n<p>Tu privacidad es importante para nosotros. En esta declaraci\u00f3n de privacidad te explicamos qu\u00e9 datos personales recopilamos de nuestros usuarios y c\u00f3mo los utilizamos. Te animamos a leer detenidamente estos t\u00e9rminos antes de facilitar tus datos personales en esta web. Los mayores de trece a\u00f1os podr\u00e1n registrarse en https:\/\/www.azaharbenijofar.com como usuarios sin el previo consentimiento de sus padres o tutores.<\/p>\n<p>Nos hemos esforzado en crear un espacio seguro y confiable y por eso queremos compartir nuestros principios respecto a tu privacidad:<\/p>\n<ul><li>Nunca solicitamos informaci\u00f3n personal a menos que realmente sea necesaria para prestarte los servicios que requieras.<\/li><li>Nunca compartimos informaci\u00f3n personal de nuestros usuarios con nadie, excepto para cumplir con la ley o en caso que contemos con tu autorizaci\u00f3n expresa.<\/li><li>Nunca utilizamos tus datos personales con una finalidad diferente a la expresada en esta pol\u00edtica de privacidad.<\/li><\/ul>\n<p>Es preciso advertir que esta Pol\u00edtica de Privacidad podr\u00eda variar en funci\u00f3n de exigencias legislativas o de autorregulaci\u00f3n, por lo que se aconseja a los usuarios que la visiten peri\u00f3dicamente. Ser\u00e1 aplicable en caso de que los usuarios decidan rellenar alg\u00fan formulario de cualquiera de sus formularios de contacto donde se recaben datos de car\u00e1cter personal.<\/p>\n<p>AZAHARBENIJOFAR ha adecuado esta web a las exigencias del Reglamento (UE) 2016\/679 del Parlamento Europeo y del Consejo de 27 de abril de 2016 relativo a la protecci\u00f3n de datos de las personas f\u00edsicas en lo que respecta al tratamiento de datos personales y a la libre circulaci\u00f3n de estos datos y por el que se deroga la Directiva 95\/46\/CE (RGPD), as\u00ed como con la Ley 34\/2002, de 11 de julio, de Servicios de la Sociedad de la Informaci\u00f3n y Comercio Electr\u00f3nico (LSSICE o LSSI).<\/p>\n<h3>PRINCIPIOS QUE APLICAREMOS A TU INFORMACI\u00d3N PERSONAL<\/h3>\n<p>En el tratamiento de tus datos personales, aplicaremos los siguientes principios que se ajustan a las exigencias del nuevo reglamento europeo de protecci\u00f3n de datos:<\/p>\n<ul><li>Principio de licitud, lealtad y transparencia: Siempre vamos a requerir tu consentimiento para el tratamiento de tus datos personales para uno o varios fines espec\u00edficos que te informaremos previamente con absoluta transparencia.<\/li><li>Principio de minimizaci\u00f3n de datos: Solo vamos a solicitar datos estrictamente necesarios en relaci\u00f3n con los fines para los que los requerimos. Los m\u00ednimos posibles.<\/li><li>Principio de limitaci\u00f3n del plazo de conservaci\u00f3n: Los datos ser\u00e1n mantenidos durante no m\u00e1s tiempo del necesario para los fines del tratamiento.<\/li><li>Principio de integridad y confidencialidad: Tus datos ser\u00e1n tratados de tal manera que se garantice una seguridad adecuada de los datos personales y se garantice confidencialidad. <\/li><\/ul>\n<h3>\u00bfC\u00d3MO HEMOS OBTENIDO TUS DATOS?<\/h3>\n<p>Los datos personales que tratamos en AZAHARBENIJOFAR proceden de:<\/p>\n<ul><li>Formularios de compras<\/li><\/ul>\n<h3>\u00bfCU\u00c1LES SON TUS DERECHOS CUANDO NOS FACILITAS TUS DATOS?<\/h3>\n<p>Cualquier persona tiene derecho a obtener confirmaci\u00f3n sobre si en AZAHARBENIJOFAR estamos tratando datos personales que nos conciernen, o no.<\/p>\n<p>Las personas interesadas tienen derecho a:<\/p>\n<ul><li>Solicitar el acceso a los datos personales relativos al interesado.<\/li><li>Solicitar su rectificaci\u00f3n o supresi\u00f3n.<\/li><li>Solicitar la limitaci\u00f3n de su tratamiento.<\/li><li>Oponerse al tratamiento.<\/li><li>Solicitar la portabilidad de los datos.<\/li><\/ul>\n<p>Los interesados podr\u00e1n acceder a sus datos personales, as\u00ed como a solicitar la rectificaci\u00f3n de los datos inexactos o, en su caso, solicitar su supresi\u00f3n cuando, entre otros motivos, los datos ya no sean necesarios para los fines que fueron recogidos. En determinadas circunstancias, los interesados podr\u00e1n solicitar la limitaci\u00f3n del tratamiento de sus datos, en cuyo caso \u00fanicamente los conservaremos para el ejercicio o la defensa de reclamaciones.<\/p>\n<p>En determinadas circunstancias y por motivos relacionados con su situaci\u00f3n particular, los interesados podr\u00e1n oponerse al tratamiento de sus datos. FLORISTERIA AZAHAR BENIJOFAR S.L. dejar\u00e1 de tratar los datos. Como interesado, tienes derecho a recibir los datos personales que te incumban, que nos hayas facilitado y en un formato estructurado, de uso com\u00fan y lectura mec\u00e1nica, y a transmitirlos a otro responsable del tratamiento cuando:<\/p>\n<ul><li>El tratamiento est\u00e9 basado en el consentimiento.<\/li><li>Los datos hayan sido facilitados por la persona interesada.<\/li><li>El tratamiento se efect\u00fae por medios automatizados.<\/li><\/ul>\n<p>Al ejercer tu derecho a la portabilidad de los datos, tendr\u00e1s derecho a que los datos personales se transmitan directamente de responsable a responsable cuando sea t\u00e9cnicamente posible.<\/p>\n<h3>LEGITIMACI\u00d3N PARA EL TRATAMIENTO DE TUS DATOS<\/h3>\n<p>La base legal para el tratamiento de sus datos es: el consentimiento y, en caso de contratar nuestros servicios, la ejecuci\u00f3n de dicho contrato.<\/p>\n<p>Para contactar o realizar comentarios en esta web se requiere la aceptaci\u00f3n de esta pol\u00edtica de privacidad.<\/p>\n<p>La oferta prospectiva o comercial de productos y servicios est\u00e1 basada en el consentimiento que se le solicita, sin que en ning\u00fan caso la retirada de este consentimiento condicione la ejecuci\u00f3n del contrato de suscripci\u00f3n.<\/p>\n<h3>CATEGOR\u00cdA DE DATOS<\/h3>\n<p>Las categor\u00edas de datos que se tratan son datos identificativos.<\/p>\n<p>No se tratan categor\u00edas de datos especialmente protegidos.<\/p>\n<h3>\u00bfPOR CU\u00c1NTO TIEMPO CONSERVAREMOS TUS DATOS?<\/h3>\n<p>Los datos personales proporcionados se conservar\u00e1n:<\/p>\n<ul><li>Mientras se mantenga la relaci\u00f3n mercantil.<\/li><li>Hasta que se solicite su supresi\u00f3n por el interesado.<\/li><\/ul>\n<h3>\u00bfA QU\u00c9 DESTINATARIOS SE COMUNICAR\u00c1N TUS DATOS?<\/h3>\n<p>Para prestar servicios estrictamente necesarios para el desarrollo de la actividad, AZAHARBENIJOFAR, no comparte datos con ninguna tercera empresa.<\/p>\n<h3>NAVEGACI\u00d3N WEB<\/h3>\n<p>Al navegar por https:\/\/www.azaharbenijofar.com y dem\u00e1s sitios web bajo la titularidad de AZAHARBENIJOFAR se pueden recoger datos no identificables, que pueden incluir, direcciones IP, ubicaci\u00f3n geogr\u00e1fica (aproximadamente), un registro de c\u00f3mo se utilizan los servicios y sitios, y otros datos que no pueden ser utilizados para identificar al usuario. Entre los datos no identificativos est\u00e1n tambi\u00e9n los relacionados a tus h\u00e1bitos de navegaci\u00f3n a trav\u00e9s de servicios de terceros. Estas webs utilizan los siguientes servicios de an\u00e1lisis de terceros:<\/p>\n<ul><li>Google analytics<\/li><li>Semrush<\/li><\/ul>\n<p>Utilizamos esta informaci\u00f3n para analizar tendencias, administrar el sitio, rastrear los movimientos de los usuarios alrededor del sitio y para recopilar informaci\u00f3n demogr\u00e1fica sobre nuestra base de usuarios en su conjunto.<\/p>\n<h3>SECRETO Y SEGURIDAD DE LOS DATOS<\/h3>\n<p>AZAHARBENIJOFAR se compromete en el uso y tratamiento de los datos, incluidos personales de los usuarios, respetando su confidencialidad y a utilizarlos de acuerdo con la finalidad del mismo, as\u00ed como a dar cumplimiento a su obligaci\u00f3n de guardarlos y adaptar todas las medidas para evitar la alteraci\u00f3n, p\u00e9rdida, tratamiento o acceso no autorizado, de conformidad con lo establecido en la normativa vigente de protecci\u00f3n de datos.<\/p>\n<p>Esta web incluye un certificado SSL. Se trata de un protocolo de seguridad que hace que tus datos viajen de manera \u00edntegra y segura, es decir, la transmisi\u00f3n de los datos entre un servidor y usuario web, y en retroalimentaci\u00f3n, es totalmente cifrada o encriptada.<\/p>\n<p>AZAHARBENIJOFAR no puede garantizar la absoluta inexpugnabilidad de la red Internet y por tanto la violaci\u00f3n de los datos mediante accesos fraudulentos a ellos por parte de terceros.<\/p>\n<p>Con respecto a la confidencialidad del procesamiento, Webempresa se asegurar\u00e1 de que cualquier persona que est\u00e9 autorizada por AZAHARBENIJOFAR para procesar los datos del cliente (incluido su personal, colaboradores y prestadores), estar\u00e1 bajo la obligaci\u00f3n apropiada de confidencialidad (ya sea un deber contractual o legal).<\/p>\n<p>Cuando se presente alg\u00fan incidente de seguridad, al darse cuenta AZAHARBENIJOFAR, deber\u00e1 notificar al Cliente sin demoras indebidas y deber\u00e1 proporcionar informaci\u00f3n oportuna relacionada con el Incidente de Seguridad tal como se conozca o cuando el Cliente lo solicite razonablemente.<\/p>\n<h3>EXACTITUD Y VERACIDAD DE LOS DATOS<\/h3>\n<p>Como usuario, eres el \u00fanico responsable de la veracidad y correcci\u00f3n de los datos que remitas a AZAHARBENIJOFAR exonerando a FLORISTERIA AZAHAR BENIJOFAR S.L. (AZAHARBENIJOFAR), de cualquier responsabilidad al respecto.<\/p>\n<p>Los usuarios garantizan y responden, en cualquier caso, de la exactitud, vigencia y autenticidad de los datos personales facilitados, y se comprometen a mantenerlos debidamente actualizados. El usuario acepta proporcionar informaci\u00f3n completa y correcta en el formulario de contacto o suscripci\u00f3n.<\/p>\n<h3>ACEPTACI\u00d3N Y CONSENTIMIENTO<\/h3>\n<p>El usuario declara haber sido informado de las condiciones sobre protecci\u00f3n de datos de car\u00e1cter personal, aceptando y consintiendo el tratamiento de los mismos por parte de FLORISTERIA AZAHAR BENIJOFAR S.L. (AZAHARBENIJOFAR) en la forma y para las finalidades indicadas en esta pol\u00edtica de privacidad.<\/p>\n<h3>REVOCABILIDAD<\/h3>\n<p>El consentimiento prestado, tanto para el tratamiento como para la cesi\u00f3n de los datos de los interesados, es revocable en cualquier momento comunic\u00e1ndolo a AZAHARBENIJOFAR en los t\u00e9rminos establecidos en esta Pol\u00edtica para el ejercicio de los derechos en materia de protecci\u00f3n de datos. Esta revocaci\u00f3n en ning\u00fan caso tendr\u00e1 car\u00e1cter retroactivo.<\/p>\n<h3>CAMBIOS EN LA POL\u00cdTICA DE PRIVACIDAD<\/h3>\n<p>FLORISTERIA AZAHAR BENIJOFAR S.L. se reserva el derecho a modificar la presente pol\u00edtica para adaptarla a novedades legislativas o jurisprudenciales, as\u00ed como a pr\u00e1cticas de la industria. En dichos supuestos, Webempresa anunciar\u00e1 en esta p\u00e1gina los cambios introducidos con razonable antelaci\u00f3n a su puesta en pr\u00e1ctica.<\/p>\n<h3>CORREOS COMERCIALES<\/h3>\n<p>De acuerdo con la LSSICE, AZAHARBENOIJOFAR no realiza pr\u00e1cticas de SPAM, por lo que no env\u00eda correos comerciales por v\u00eda electr\u00f3nica que no hayan sido previamente solicitados o autorizados por el usuario. En consecuencia, en cada uno de los formularios habidos en la web, el usuario tiene la posibilidad de dar su consentimiento expreso para recibir el bolet\u00edn, con independencia de la informaci\u00f3n comercial puntualmente solicitada.<\/p>\n<p>Conforme a lo dispuesto en la LSSICE, AZAHARBENIJOFAR se compromete a no enviar comunicaciones de car\u00e1cter comercial sin identificarlas debidamente.<\/p>\n<\/div>\n<\/div><\/div>\n","protected":false},"excerpt":{"rendered":"<p>DATOS DEL RESPONSABLE Identidad del Responsable: Florister\u00eda Azahar Benij\u00f3far S.L. Nombre comercial: Azaharbenijofar NIF\/CIF: B65731978 Datos registrales: inscrita en el Registro Mercantil de ALICANTE, Tomo 37222, Folio 217, Hoja M 664186, Secci\u00f3n 2, inscripci\u00f3n 1 y 2. Direcci\u00f3n: Av\/ Fed. Garc\u00eda Lorca, 64. Bbenij\u00f3far, ALICANTE Correo electr\u00f3nico: azaharbenijofar@gmail.com En este espacio, el usuario, podr\u00e1 encontrar &hellip; <\/p>\n<p class=\"link-more\"><a href=\"https:\/\/www.azaharbenijofar.com\/index.php\/aviso-legal-y-politica-de-privacidad\/\" class=\"more-link\">Leer m\u00e1s<span class=\"screen-reader-text\"> \u00abAviso Legal y pol\u00edtica de privacidad\u00bb<\/span><\/a><\/p>\n","protected":false},"author":1,"featured_media":0,"parent":0,"menu_order":0,"comment_status":"closed","ping_status":"closed","template":"","meta":{"footnotes":""},"_links":{"self":[{"href":"https:\/\/www.azaharbenijofar.com\/index.php\/wp-json\/wp\/v2\/pages\/292"}],"collection":[{"href":"https:\/\/www.azaharbenijofar.com\/index.php\/wp-json\/wp\/v2\/pages"}],"about":[{"href":"https:\/\/www.azaharbenijofar.com\/index.php\/wp-json\/wp\/v2\/types\/page"}],"author":[{"embeddable":true,"href":"https:\/\/www.azaharbenijofar.com\/index.php\/wp-json\/wp\/v2\/users\/1"}],"replies":[{"embeddable":true,"href":"https:\/\/www.azaharbenijofar.com\/index.php\/wp-json\/wp\/v2\/comments?post=292"}],"version-history":[{"count":2,"href":"https:\/\/www.azaharbenijofar.com\/index.php\/wp-json\/wp\/v2\/pages\/292\/revisions"}],"predecessor-version":[{"id":723,"href":"https:\/\/www.azaharbenijofar.com\/index.php\/wp-json\/wp\/v2\/pages\/292\/revisions\/723"}],"wp:attachment":[{"href":"https:\/\/www.azaharbenijofar.com\/index.php\/wp-json\/wp\/v2\/media?parent=292"}],"curies":[{"name":"wp","href":"https:\/\/api.w.org\/{rel}","templated":true}]}}