{"id":247,"date":"2020-06-18T20:28:27","date_gmt":"2020-06-18T18:28:27","guid":{"rendered":"https:\/\/www.azaharbenijofar.com\/?post_type=product&#038;p=247"},"modified":"2025-01-29T18:42:54","modified_gmt":"2025-01-29T17:42:54","slug":"orquidea-phalaenopsis","status":"publish","type":"product","link":"https:\/\/www.azaharbenijofar.com\/index.php\/producto\/orquidea-phalaenopsis\/","title":{"rendered":"Orqu\u00eddea-Phalaenopsis"},"content":{"rendered":"","protected":false},"excerpt":{"rendered":"<p>Conocidas por la elegancia y perfecta simetr\u00eda de sus flores, la familia de las orqu\u00eddeas comprende una gran variedad de especies entre las que podemos encontrar las\u00a0<em>phalaenopsis, dendrobiums, cymbidiums, vanda o\u00a0miltonias,\u00a0<\/em>entre otras muchas.\u00a0Las orqu\u00eddeas siempre han tenido fama de ser plantas dif\u00edciles de cultivar, pero os vamos a demostrar que con unos sencillos consejos crecer\u00e1n y florecer\u00e1n a\u00f1o tras a\u00f1o.<\/p>\n","protected":false},"featured_media":465,"comment_status":"open","ping_status":"closed","template":"","meta":[],"product_cat":[38],"product_tag":[],"_links":{"self":[{"href":"https:\/\/www.azaharbenijofar.com\/index.php\/wp-json\/wp\/v2\/product\/247"}],"collection":[{"href":"https:\/\/www.azaharbenijofar.com\/index.php\/wp-json\/wp\/v2\/product"}],"about":[{"href":"https:\/\/www.azaharbenijofar.com\/index.php\/wp-json\/wp\/v2\/types\/product"}],"replies":[{"embeddable":true,"href":"https:\/\/www.azaharbenijofar.com\/index.php\/wp-json\/wp\/v2\/comments?post=247"}],"wp:featuredmedia":[{"embeddable":true,"href":"https:\/\/www.azaharbenijofar.com\/index.php\/wp-json\/wp\/v2\/media\/465"}],"wp:attachment":[{"href":"https:\/\/www.azaharbenijofar.com\/index.php\/wp-json\/wp\/v2\/media?parent=247"}],"wp:term":[{"taxonomy":"product_cat","embeddable":true,"href":"https:\/\/www.azaharbenijofar.com\/index.php\/wp-json\/wp\/v2\/product_cat?post=247"},{"taxonomy":"product_tag","embeddable":true,"href":"https:\/\/www.azaharbenijofar.com\/index.php\/wp-json\/wp\/v2\/product_tag?post=247"}],"curies":[{"name":"wp","href":"https:\/\/api.w.org\/{rel}","templated":true}]}}